{"id":19119,"date":"2015-06-29T11:13:29","date_gmt":"2015-06-29T09:13:29","guid":{"rendered":"http:\/\/www.tuttologia.com\/mac\/?page_id=19119"},"modified":"2018-10-06T23:34:42","modified_gmt":"2018-10-06T21:34:42","slug":"cose-un-cookie","status":"publish","type":"page","link":"https:\/\/www.tuttologia.com\/mac\/cose-un-cookie\/","title":{"rendered":"Cos\u2019\u00e8 un cookie?"},"content":{"rendered":"<p><b>Cos\u2019\u00e8 un cookie?\u00a0<\/b><\/p>\n<p>I cookie sono brevi file di testo che vengono scaricati sul dispositivo dell\u2019Utente quando si visita un sito web. Ad ogni visita successiva i cookie sono reinviati al sito web che li ha originati (cookie di prime parti) o a un altro sito che li riconosce (cookie di terze parti). I cookie sono utili perch\u00e9 consentono a un sito web di riconoscere il dispositivo dell\u2019Utente. Essi hanno diverse finalit\u00e0 come, per esempio, consentire di navigare efficientemente tra le pagine, ricordare l\u2019utente (login automatico), le discussioni gi\u00e0 lette e, in generale, migliorare l\u2019esperienza di navigazione. In base alla funzione e alla finalit\u00e0 di utilizzo,<b>\u00a0i cookie possono suddividersi in cookie tecnici, cookie di terze parti e cookie di profilazione.<\/b><\/p>\n<p><b>Il sito utilizza cookie tecnici.\u00a0<\/b><\/p>\n<p>I cookie tecnici sono quelli il cui utilizzo non richiede il consenso dell\u2019Utente ai sensi dell\u2019art. 122 comma 1 del D.Lgs. 196\/2003. Rientrano, altres\u00ec, nell\u2019ambito dei cookie tecnici anche quelli utilizzati per analizzare statisticamente gli accessi o le visite al sito, detti anche \u201canalytics\u201d, che perseguono esclusivamente scopi statistici, (ma non anche di marketing o profilazione) e raccolgono informazioni in forma aggregata senza possibilit\u00e0 di risalire alla identificazione del singolo utente. Questi cookie possono essere disattivati e\/o eliminati attraverso le impostazioni del browser.<\/p>\n<p><b>Cos\u2019\u00e8 il \u2018Login Automatico\u2019?<\/b><\/p>\n<p>Quando ti registri (e anche quando ti colleghi), ti verr\u00e0 data l\u2019opzione del \u2018Ricordami\u2019. Questo memorizzer\u00e0 la tua identit\u00e0 in modo sicuro in un cookie nel tuo computer. Se stai utilizzando un computer condiviso, a scuola o in un internet caff\u00e8, o se hai un motivo per non fidarti degli altri utenti che potrebbero utilizzare il tuo computer, \u00e8 consigliato non abilitarlo.<\/p>\n<p><b>Il sito utilizza cookie di terze parti.\u00a0<\/b><\/p>\n<p>La propriet\u00e0 degli stessi \u00e8 di YouTube (Google) e vengono installati in quanto \u00e8 presente in Home Page (o nei post del Forum) un visore per i video collegato al canale YouTube. Per maggiori informazioni: http:\/\/www.google.com\/policies\/technologies\/types\/ Il nostro sito, inoltre, incorpora nelle discussioni uno plugin sociale come il pulsante \u201cMi piace\u201d di Facebook. Per maggiori informazioni: https:\/\/www.facebook.com\/help\/cookies\/ \u00a0Questi cookie possono essere disattivati e\/o eliminati attraverso le impostazioni del browser.<\/p>\n<p><b>Il sito non utilizza cookie di profilazione.<\/b><\/p>\n<p>I cookie di profilazione sono utilizzati per tracciare la navigazione dell\u2019utente in rete e creare profili sui suoi gusti, abitudini, scelte, ecc. Con questi cookie possono essere trasmessi al terminale dell\u2019utente messaggi pubblicitari.<\/p>\n<p><b>Come ripulisco i cookie?<\/b><\/p>\n<p>Puoi ripulire tutti i tuoi cookie impostati dal forum cliccando il link \u2018Esci\u2019 in cima alla pagina. In certi casi, se ritorni alla pagina principale attraverso il link che ti viene fornito e sei ancora collegato, potresti dover rimuovere i tuoi cookie manualmente.<\/p>\n<p>In\u00a0<b>Internet Explorer<\/b>: Clicca il men\u00f9 \u2018Strumenti\u2019. Seleziona \u2018Opzioni Internet\u2019 dal men\u00f9 che appare. Clicca \u2018Elimina\u2026\u2019, al di sotto di \u2018Opzioni Navigazione\u2019 nella finestra di dialogo che appare. Si trover\u00e0 nell\u2019area centrale della tabella \u2018Generale\u2019. Clicca \u2018Elimina Cookie\u2026\u2019 nella prossima finestra di dialogo che appare.<\/p>\n<p>In\u00a0<b>Firefox<\/b>: Clicca il men\u00f9 \u2018Strumenti\u2019. Seleziona \u2018Opzioni\u2019 dal men\u00f9 che appare. Dalla finestra di dialogo, seleziona \u2018Privacy\u2019 sulla sinistra. Trova \u2018Cookie\u2019 nel pannello che appare, e clicca il pulsante \u2018Ripulisci\u2019 vicino ad esso.<\/p>\n<p>In\u00a0<b>Safari<\/b>: Vai in Preferenze, Sicurezza, quindi Mostra Cookie e seleziona o \u2018Rimuovi Tutti\u2019 o i singoli cookie e quindi cicca il pulsante \u2018Elimina\u2019.<\/p>\n<p>In\u00a0<b>Opera<\/b>: Vai in Strumenti, Preferenze, Avanzate, Cookie, Gestione Cookie quindi seleziona il nome di questo sito e clicca il pulsante \u2018Elimina\u2019.<\/p>\n<p>I tuoi cookie ora dovrebbero essere stati rimossi. Potresti voler riavviare il computer e rivisitare i forum per esserne sicuro.<\/p>\n<p>Gli altri browser potrebbero avere metodi diversi per ripulire i cookie. Fai riferimento alla documentazione del tuo browser se non sei sicuro.<\/p>\n","protected":false},"excerpt":{"rendered":"<p>Cos\u2019\u00e8 un cookie?\u00a0 I cookie sono brevi file di testo che vengono scaricati sul dispositivo<\/p>\n","protected":false},"author":1,"featured_media":0,"parent":0,"menu_order":0,"comment_status":"closed","ping_status":"closed","template":"","meta":{"footnotes":""},"class_list":["post-19119","page","type-page","status-publish","hentry"],"_links":{"self":[{"href":"https:\/\/www.tuttologia.com\/mac\/wp-json\/wp\/v2\/pages\/19119","targetHints":{"allow":["GET"]}}],"collection":[{"href":"https:\/\/www.tuttologia.com\/mac\/wp-json\/wp\/v2\/pages"}],"about":[{"href":"https:\/\/www.tuttologia.com\/mac\/wp-json\/wp\/v2\/types\/page"}],"author":[{"embeddable":true,"href":"https:\/\/www.tuttologia.com\/mac\/wp-json\/wp\/v2\/users\/1"}],"replies":[{"embeddable":true,"href":"https:\/\/www.tuttologia.com\/mac\/wp-json\/wp\/v2\/comments?post=19119"}],"version-history":[{"count":0,"href":"https:\/\/www.tuttologia.com\/mac\/wp-json\/wp\/v2\/pages\/19119\/revisions"}],"wp:attachment":[{"href":"https:\/\/www.tuttologia.com\/mac\/wp-json\/wp\/v2\/media?parent=19119"}],"curies":[{"name":"wp","href":"https:\/\/api.w.org\/{rel}","templated":true}]}}